{"id":2,"date":"2013-11-17T20:55:36","date_gmt":"2013-11-17T20:55:36","guid":{"rendered":"http:\/\/kennel-gravkjaer.dk\/?page_id=2"},"modified":"2025-02-11T09:49:15","modified_gmt":"2025-02-11T09:49:15","slug":"eksempel-side","status":"publish","type":"page","link":"http:\/\/kennel-gravkjaer.dk\/","title":{"rendered":"Velkommen hos Kennel Gravkjaer!"},"content":{"rendered":"\n<p><strong>Ingen hvalpekuld i 2025<\/strong><\/p>\n\n\n<p><span style=\"font-size: revert;\">Vi bor p\u00e5 landet uden for Jyderup i en nedlagt landsbyskole ud til skov og mark. Hunde har altid v\u00e6ret en del af familien. For tiden har vi kun Gravhunde, men har i mange \u00e5r ogs\u00e5 haft Ruh\u00e5rede H\u00f8nsehunde.<\/span><\/p>\n<p>De f\u00f8rste Gravhunde fik jeg i 1986, hvor jeg fik to s\u00f8skende hanner, Snif og Snulde. Da jeg flyttede sammen med Kim havde han T\u00f8tte, som var en Rottweiler. I 1990 fik vi vores f\u00f8rste Ruh\u00e5ret H\u00f8nsehund Smut, kaldet Sheeba. Sheeba fik i 1995 et kuld hvalpe, hvoraf vi beholdte en t\u00e6ve; Raja. I 2007 fik vi Fuqs Litten, kaldet Nala, som er en Korth\u00e5ret Gravhund. Den 12\/4-2010 fik vi Arnold jr. og Ariel, som er fra Nalas f\u00f8rste kuld. Vi har d. 9\/2-2012 f\u00e5et Bailey fra Nalas andet kuld, og d. 24\/2-2014 f\u00e5et Charlie fra Ariels f\u00f8rste kuld. Den 7\/4 2018 fik vi Daisy som vi har sammen med vores datter Naja. Den 14\/3 2022 fik vi Fiona og Fauna.<\/p>\n<p>Privat arbejder jeg p\u00e5 en friskole i Kalundborg. Jeg er uddannet datamatiker og folkeskolel\u00e6rer. Min fritid g\u00e5r med hunde. Jeg er medlem af Dansk Gravhundeklub og Dansk Kennel Klub. Jeg er uddannet DKK hvalpe- og grundinstrukt\u00f8r og jeg har taget DKK&#8217;s opdr\u00e6tteruddannelse.<\/p>\n<p>Vores m\u00e5ls\u00e6tning med opdr\u00e6t af Korth\u00e5rede Gravhunde er at fremavle sunde og mentalt afbalancerede hunde. Det er liges\u00e5 vigtigt for os, at hundene fungerer som gode brugshunde og elsker brugs arbejdet, og at de endvidere besidder et p\u00e6nt udseende. Men vigtigst af alt, skal det v\u00e6re super dejlige familiehunde med stor rummelighed.<\/p>","protected":false},"excerpt":{"rendered":"<p>Ingen hvalpekuld i 2025 Vi bor p\u00e5 landet uden for Jyderup i en nedlagt landsbyskole ud til skov og mark. Hunde har altid v\u00e6ret en del af familien. For tiden har vi kun Gravhunde, men har i mange \u00e5r ogs\u00e5 &hellip; <a href=\"http:\/\/kennel-gravkjaer.dk\/\">L\u00e6s resten <span class=\"meta-nav\">&rarr;<\/span><\/a><\/p>\n","protected":false},"author":1,"featured_media":0,"parent":0,"menu_order":0,"comment_status":"closed","ping_status":"closed","template":"","meta":{"footnotes":""},"_links":{"self":[{"href":"http:\/\/kennel-gravkjaer.dk\/index.php?rest_route=\/wp\/v2\/pages\/2"}],"collection":[{"href":"http:\/\/kennel-gravkjaer.dk\/index.php?rest_route=\/wp\/v2\/pages"}],"about":[{"href":"http:\/\/kennel-gravkjaer.dk\/index.php?rest_route=\/wp\/v2\/types\/page"}],"author":[{"embeddable":true,"href":"http:\/\/kennel-gravkjaer.dk\/index.php?rest_route=\/wp\/v2\/users\/1"}],"replies":[{"embeddable":true,"href":"http:\/\/kennel-gravkjaer.dk\/index.php?rest_route=%2Fwp%2Fv2%2Fcomments&post=2"}],"version-history":[{"count":71,"href":"http:\/\/kennel-gravkjaer.dk\/index.php?rest_route=\/wp\/v2\/pages\/2\/revisions"}],"predecessor-version":[{"id":959,"href":"http:\/\/kennel-gravkjaer.dk\/index.php?rest_route=\/wp\/v2\/pages\/2\/revisions\/959"}],"wp:attachment":[{"href":"http:\/\/kennel-gravkjaer.dk\/index.php?rest_route=%2Fwp%2Fv2%2Fmedia&parent=2"}],"curies":[{"name":"wp","href":"https:\/\/api.w.org\/{rel}","templated":true}]}}